{"id":2292,"date":"2020-07-24T13:41:42","date_gmt":"2020-07-24T11:41:42","guid":{"rendered":"https:\/\/dancefire.uhpage.eu\/?page_id=2292"},"modified":"2021-11-09T09:00:13","modified_gmt":"2021-11-09T08:00:13","slug":"datenschutz","status":"publish","type":"page","link":"http:\/\/www.dancefire.net\/?page_id=2292","title":{"rendered":"Datenschutz"},"content":{"rendered":"<div class=\"subtitle\">\n<h1><\/h1>\n<h1 class=\"pix-page-title\"><\/h1>\n<\/div>\n<div class=\"rich_editor_text pix-content-wrap\">\n<p>Wir freuen uns sehr \u00fcber Ihr Interesse am Internetangebot von www.dancefire.net. Der Schutz Ihrer Privatsph\u00e4re ist uns ein wichtiges Anliegen.<\/p>\n<p>Wir verarbeiten Ihre personenbezogenen Daten stets nach den geltenden rechtlichen Bestimmungen der Datenschutz-Grundverordnung und des Bundesdatenschutzgesetzes. In dieser Datenschutzerkl\u00e4rung stellen wir Ihnen Informationen dar\u00fcber zur Verf\u00fcgung, welche personenbezogenen Daten wir erheben, verarbeiten und nutzen. Au\u00dferdem teilen wir Ihnen mit, in welchem Umfang und zu welchem Zweck wir dies tun.<br \/>\nPersonenbezogene Daten sind alle Informationen, die sich auf eine identifizierbare nat\u00fcrliche Person beziehen. Dazu geh\u00f6ren beispielsweise Ihre IP-Adresse, Ihr Name, Ihre Adresse, eine Telefonnummer oder eine E-Mail-Adresse.<br \/>\nF\u00fcr den bestm\u00f6glichen Schutz Ihrer personenbezogenen Daten bei der Nutzung unseres Internetangebots nutzen wir technische und organisatorische Ma\u00dfnahmen. Dennoch kann bei der Erhebung, Verarbeitung und Nutzung personenbezogener Daten nicht jedes Risiko ausgeschlossen werden. Ein l\u00fcckenloser Schutz von Daten vor dem Zugriff durch Dritte ist nicht m\u00f6glich. Sollten Sie diesbez\u00fcgliche Bedenken haben, dann d\u00fcrfen Sie uns gerne auch auf anderem Wege kontaktieren.<\/p>\n<p>1. Kontaktdaten des Verantwortlichen<br \/>\nVerantwortlicher f\u00fcr die Verarbeitung der Daten ist nach der Datenschutz-Grundverordnung und der anderen anwendbaren datenschutzrechtlichen Vorschriften, insbesondere des Bundesdatenschutzgesetzes, diejenige nat\u00fcrliche oder juristische Person, Beh\u00f6rde, Einrichtung oder andere Stelle, die allein oder gemeinsam mit anderen \u00fcber die Zwecke und Mittel der Verarbeitung von personenbezogenen Daten entscheidet.<br \/>\nF\u00fcr dieses Internetangebot ist Verantwortlicher:<\/p>\n<p>Stephan Beneke<br \/>\nBergerstrasse 87,46539 Dinslaken<br \/>\nTelefon: 0179 44 13 442<\/p>\n<p>2. Kontaktdaten des Datenschutzbeauftragten<br \/>\nsiehe Punkt 1 \u2013 in selbiger Person \u2013<\/p>\n<p>Sie k\u00f6nnen unseren Datenschutzbeauftragten jederzeit kontaktieren, wenn Sie Fragen oder sonstige Anliegen zum Schutz Ihrer personenbezogenen Daten haben.<\/p>\n<p>3. Allgemeine Datenerfassung<br \/>\nBeim Besuch unseres Internetangebots werden die folgenden Informationen stets automatisch erfasst und in den Logfiles des Servers gespeichert bis zum Zeitpunkt ihrer automatisierten L\u00f6schung:<br \/>\n\u2022 IP-Adresse<br \/>\n\u2022 Referrer (die Website, von der aus Sie auf unser Internetangebot zugreifen)<br \/>\n\u2022 Name und URL der angeforderten Website oder Datei<br \/>\n\u2022 Betriebssystem des benutzten Ger\u00e4ts<br \/>\n\u2022 Typ und Version des benutzten Browsers<br \/>\n\u2022 Datum und Uhrzeit des Zugriffs<br \/>\n\u2022 Name Ihres Access-Providers &#8211; der Domainbesitzer kann aus diesen Daten keine R\u00fcckschl\u00fcsse zu Ihrer Person ziehen. Sie werden zu den folgenden Zwecken erhoben:<br \/>\n\u2022 Korrekte Anzeige unseres Internetangebots<br \/>\n\u2022 Optimierung der Nutzungsqualit\u00e4t unseres Internetangebots<br \/>\n\u2022 Dauerhafte Gew\u00e4hrleistung der Sicherheit und Stabilit\u00e4t unseres Internetangebots<br \/>\n\u2022 Zusammenarbeit mit den Strafverfolgungsbeh\u00f6rden im Falle von Straftaten in Zusammenhang mit unserem Internetangebot<br \/>\n\u2022 Weitere statistische und administrative Zwecke<\/p>\n<p>4. Cookies<br \/>\nUnser Internetangebot nutzt Cookies, da damit der Nutzungskomfort unseres Internetangebots gesteigert wird. Cookies sind kleine Textdateien, die auf Ihrem Computer abgelegt werden und auch nach Besuch unseres Internetangebots gespeichert bleiben.<br \/>\nMit Cookies k\u00f6nnen Besucher unseres Internetangebots wiedererkannt werden. Das erm\u00f6glicht eine komfortablere Nutzung, weil z.B. Voreinstellungen zur Nutzung des Internetangebots, Zugangsdaten oder Warenkorbinhalte gespeichert werden k\u00f6nnen.<br \/>\nSie k\u00f6nnen die Speicherung von Cookies durch eine entsprechende Einstellung in Ihrem Browser verhindern. Auch bereits gespeicherte Cookies k\u00f6nnen Sie jederzeit in Ihrem Browser l\u00f6schen. Wenn Sie generell in Ihren Browsereinstellungen die Speicherung von Cookies verbieten, dann kann dadurch der Nutzungskomfort bei Besuch unseres Internetangebots eingeschr\u00e4nkt sein, weil Ihnen dann nicht mehr alle Funktionen uneingeschr\u00e4nkt zur Verf\u00fcgung stehen.<\/p>\n<p>5. Kontaktformular<br \/>\nAuf unserer Internetseite gibt es eine Kontaktm\u00f6glichkeit \u00fcber ein Kontaktformular sowie \u00fcber E-Mail. Alle personenbezogenen Daten, die Sie bei dieser Gelegenheit freiwillig im Kontaktformular oder bei der Korrespondenz mit dem Verantwortlichen angeben werden dabei automatisch gespeichert. Sie werden zur weiteren Korrespondenz mit Ihnen verwendet und nicht an Dritte \u00fcbermittelt.<\/p>\n<p>6. Facebook<br \/>\nUnser Internetangebot hat Komponenten des Unternehmens Facebook integriert.<br \/>\nVerantwortlicher f\u00fcr die Datenverarbeitung durch Facebook f\u00fcr Betroffene, die nicht in den USA oder Kanada leben, ist:<br \/>\nFacebook Ireland Ltd.<br \/>\n4 Grand Canal Square<br \/>\nGrand Canal Harbour<br \/>\nDublin 2<br \/>\nIreland<\/p>\n<p>Durch den Aufruf jeder Unterseite unseres Internetangebots wird jeweils das dort integrierte PlugIn automatisch durch Ihren Browser dargestellt. Durch dieses Verfahren erh\u00e4lt Facebook die Information, welche unserer Unterseiten Sie besuchen.<br \/>\nWeitere Informationen zu Facebook PlugIns finden Sie unter folgendem Link:<br \/>\nhttps:\/\/www.facebook.com\/help\/443483272359009<br \/>\nWenn Sie w\u00e4hrend eines Besuchs unseres Internetangebots gleichzeitig mit Ihrem Browser bei Facebook einloggt sind, dann erkennt Facebook, dass Sie unser Internetangebot nutzen und kann f\u00fcr die gesamte Zeit dieser Nutzung nachvollziehen, welche Unterseiten unseres Internetangebots Sie aufrufen. Auch bei Nutzung der Like- oder Kommentarfunktion wird dieses Verhalten von Facebook erkannt und Ihrem pers\u00f6nlichen Account zugeordnet und gespeichert.<br \/>\nUnter dem Link https:\/\/www.facebook.com\/about\/privacy finden Sie weitere Informationen dar\u00fcber, wie Facebook Daten erhebt, verarbeitet und nutzt. Au\u00dferdem finden Sie dort Informationen \u00fcber Konfigurationsm\u00f6glichkeiten Ihres Facebook-Kontos, mit denen Sie Ihre Privatsph\u00e4re sch\u00fctzen k\u00f6nnen.<\/p>\n<p>7. YouTube<br \/>\nUnser Internetangebot hat Komponenten von YouTube integriert.<br \/>\nVerantwortlicher f\u00fcr die Datenverarbeitung durch YouTube ist:<br \/>\nYouTube, LLC<br \/>\n901 Cherry Ave.<br \/>\nSan Bruno, CA 94066<br \/>\nUSA<br \/>\nDurch den Aufruf einer Unterseite unseres Internetangebots, auf dem eine Komponente von YouTube integriert ist, erh\u00e4lt YouTube Kenntnis \u00fcber den Aufruf dieser Internetseite, unabh\u00e4ngig davon, ob der Besucher auf YouTube eingeloggt ist. Wenn der Besucher unseres Internetangebots bei Aufruf einer Unterseite, in die ein YouTube-Video integriert ist, gleichzeitig bei YouTube eingeloggt ist, dann ordnet YouTube diesen Aufruf der Unterseite dem YouTube Konto des Nutzers zu. Diese Zuordnung findet auch dann statt, wenn ein integriertes YouTube-Video nicht angeklickt wird. Sie kann verhindert werden durch ein Ausloggen aus dem jeweiligen YouTube-Konto.<br \/>\nUnter dem Link https:\/\/www.youtube.com\/static?template=privacy_guidelines finden Sie weitere Informationen dar\u00fcber, wie YouTube mit Ihren personenbezogenen Daten umgeht.<\/p>\n<p>8. Google Analytics<br \/>\nUnser Internetangebot nutzt Google Analytics mit Anonymisierungsfunktion. Dar\u00fcber haben wir mit Google einen Vertrag zur Auftragsverarbeitung geschlossen und setzen die Vorgaben der deutschen Datenschutzbeh\u00f6rden bei der Nutzung von Google Analytics vollst\u00e4ndig um.<br \/>\nVerantwortlicher f\u00fcr die Datenverarbeitung durch Google Analytics ist<br \/>\nGoogle LLC<br \/>\n1600 Amphitheatre Parkway<br \/>\nMountain View<br \/>\nCA 94043<br \/>\nUSA<\/p>\n<p>Zum gr\u00f6\u00dftm\u00f6glichen Schutz Ihrer Daten haben wir die Anonymisierung der IP auf unserer Website aktiviert.<br \/>\nIm Folgenden die Datenschutzerkl\u00e4rung von Google zum Produkt Google Analytics:<br \/>\n\u201eDiese Website benutzt Google Analytics, einen Webanalysedienst der Google Inc. (\u201eGoogle\u201c). Google Analytics verwendet sog. \u201eCookies\u201c, Textdateien, die auf Ihrem Computer gespeichert werden und die eine Analyse der Benutzung der Website durch Sie erm\u00f6glichen. Die durch den Cookie erzeugten Informationen \u00fcber Ihre Benutzung dieser Website werden in der Regel an einen Server von Google in den USA \u00fcbertragen und dort gespeichert. Im Falle der Aktivierung der IP-Anonymisierung auf dieser Webseite, wird Ihre IP-Adresse von Google jedoch innerhalb von Mitgliedstaaten der Europ\u00e4ischen Union oder in anderen Vertragsstaaten des Abkommens \u00fcber den Europ\u00e4ischen Wirtschaftsraum zuvor gek\u00fcrzt. Nur in Ausnahmef\u00e4llen wird die volle IP-Adresse an einen Server von Google in den USA \u00fcbertragen und dort gek\u00fcrzt. Im Auftrag des Betreibers dieser Website wird Google diese Informationen benutzen, um Ihre Nutzung der Website auszuwerten, um Reports \u00fcber die Websiteaktivit\u00e4ten zusammenzustellen und um weitere mit der Websitenutzung und der Internetnutzung verbundene Dienstleistungen gegen\u00fcber dem Websitebetreiber zu erbringen. Die im Rahmen von Google Analytics von Ihrem Browser \u00fcbermittelte IP-Adresse wird nicht mit anderen Daten von Google zusammengef\u00fchrt. Sie k\u00f6nnen die Speicherung der Cookies durch eine entsprechende Einstellung Ihrer Browser-Software verhindern; wir weisen Sie jedoch darauf hin, dass Sie in diesem Fall gegebenenfalls nicht s\u00e4mtliche Funktionen dieser Website vollumf\u00e4nglich werden nutzen k\u00f6nnen. Sie k\u00f6nnen dar\u00fcber hinaus die Erfassung der durch das Cookie erzeugten und auf Ihre Nutzung der Website bezogenen Daten (inkl. Ihrer IP-Adresse) an Google sowie die Verarbeitung dieser Daten durch Google verhindern, indem Sie das unter dem folgenden Link verf\u00fcgbare Browser-Plugin herunterladen und installieren: http:\/\/tools.google.com\/dlpage\/gaoptout?hl=de\u201c<\/p>\n<p>9. Rechtsgrundlage der Verarbeitung<br \/>\nDie Verarbeitung von personenbezogenen Daten kann auf verschiedenen Rechtsgrundlagen erfolgen.<br \/>\nUns dient Art. 6 Abs. 1 lit. a) DSGVO als Rechtsgrundlage der Verarbeitung f\u00fcr Verarbeitungsvorg\u00e4nge, f\u00fcr die wir eine Einwilligung zur Verarbeitung der personenbezogenen Daten eines Betroffenen f\u00fcr einen bestimmten Zweck eingeholt haben.<br \/>\nSoweit die Verarbeitung von Daten f\u00fcr die Anbahnung oder Durchf\u00fchrung eines Vertrages erforderlich ist, dient uns Art. 6 Abs. 1 lit. b) als Rechtsgrundlage unserer Verarbeitung personenbezogener Daten.<br \/>\nAu\u00dferdem kann ein berechtigtes Interesse des Verantwortlichen gem\u00e4\u00df Art. 6 Abs. 1 lit f) als Rechtsgrundlage f\u00fcr eine Verarbeitung dienen. Dies ist dann der Fall, wenn keine andere Rechtsgrundlage f\u00fcr die Verarbeitung vorliegt und wenn die Verarbeitung zur Wahrung der berechtigten Interessen des Verantwortlichen oder eines Dritten erforderlich ist und nicht die Interessen oder Grundrechte und Grundfreiheiten der betroffenen Person \u00fcberwiegen.<\/p>\n<p>10. Berechtigtes Interesse<br \/>\nSoweit die Datenverarbeitung auf Grundlage von Art. 6 Abs. 1 lit. f) der DSGVO erfolgt, ist unser berechtigtes Interesse die Durchf\u00fchrung der satzungsgem\u00e4\u00dfen T\u00e4tigkeit unseres Vereins zugunsten unserer Mitglieder.<\/p>\n<p><strong>11. Rechte der Betroffenen<\/strong><br \/>\nNach der Datenschutz-Grundverordnung und den anderen anwendbaren datenschutzrechtlichen Regelungen stehen Ihnen als Betroffener einer Datenverarbeitung folgende Rechte in Bezug auf Ihre Daten nach Ma\u00dfgabe von Art. 13 DSGVO zu:<br \/>\na) Sie haben gegen\u00fcber dem Verantwortlichen ein Recht auf Auskunft. Als betroffene Person haben Sie das Recht, jederzeit von der Seite www.dancefire.net als Verantwortlichen unentgeltliche Auskunft \u00fcber die zu Ihrer Person gespeicherten personenbezogenen Daten zu erhalten. Dabei haben Sie nach Art. 15 DSGVO insbesondere das Recht darauf, Auskunft zu erhalten, \u00fcber die Verarbeitungszwecke, \u00fcber die Kategorien personenbezogener Daten, die verarbeitet werden, \u00fcber die Empf\u00e4nger oder Kategorien von Empf\u00e4ngern gegen\u00fcber denen die personenbezogenen Daten offengelegt worden sind oder noch offengelegt werden, \u00fcber die geplante Dauer der Speicherung der personenbezogenen Daten, \u00fcber das Bestehen eines Rechts auf Berichtigung, L\u00f6schung, Einschr\u00e4nkung der Verarbeitung oder das Bestehen eines Widerspruchrechts gegen die Verarbeitung der Sie betreffenden Daten.<br \/>\nb) Sie haben nach Art. 16 DSGVO das Recht auf unverz\u00fcgliche Berichtigung Sie betreffender unrichtiger personenbezogener Daten oder auf deren Vervollst\u00e4ndigung.<br \/>\nc) Sie haben au\u00dferdem nach Art. 17 DSGVO das Recht, die L\u00f6schung Ihrer personenbezogenen Daten (Recht auf Vergessen werden) von der Seite www.dancefire.net zu verlangen, soweit die Verarbeitung nicht erforderlich ist zur Aus\u00fcbung des Rechts auf freie Meinungs\u00e4u\u00dferung und Information, die Erf\u00fcllung einer rechtlichen Verpflichtung, aus Gr\u00fcnden des \u00f6ffentlichen Interesses oder zur Geltendmachung, Aus\u00fcbung oder Verteidigung von Rechtsanspr\u00fcchen.<br \/>\nd) Sie k\u00f6nnen nach Art. 18 DSGVO die Einschr\u00e4nkung der Verarbeitung Ihrer personenbezogenen Daten verlangen,<br \/>\n\u2022 wenn Sie die Richtigkeit der personenbezogenen Daten bestreiten,<br \/>\n\u2022 die Verarbeitung unrechtm\u00e4\u00dfig ist, Sie aber die L\u00f6schung Ihrer personenbezogenen Daten ablehnen und stattdessen die Einschr\u00e4nkung der Nutzung der personenbezogenen Daten verlangen,<br \/>\n\u2022 wenn der Verantwortliche die personenbezogenen Daten nicht l\u00e4nger ben\u00f6tigt, Sie diese jedoch zur Geltendmachung, Aus\u00fcbung oder Verteidigung von Rechtsanspr\u00fcchen ben\u00f6tigen oder<br \/>\n\u2022 wenn Sie nach Art. 21 DSGVO Widerspruch gegen die Verarbeitung Ihrer Daten eingelegt haben, solange noch nicht feststeht, ob die berechtigten Gr\u00fcnde von der Seite www.dancefire.net gegen\u00fcber Ihren berechtigten Gr\u00fcnden \u00fcberwiegen. Wenn eine der oben genannten Voraussetzungen vorliegt und Sie die Einschr\u00e4nkung von personenbezogenen Daten verlangen m\u00f6chten, die von der Seite www.dancefire.net gespeichert sind, k\u00f6nnen Sie sich jederzeit an einen Mitarbeiter von der Seite www.dancefire.net als Verantwortlichen wenden. Der Mitarbeiter von der Seite www.dancefire.net wird die Einschr\u00e4nkung der Verarbeitung veranlassen.<br \/>\ne) Sie haben au\u00dferdem das Recht auf Daten\u00fcbertragbarkeit nach Art. 20 DSGVO, wonach es Ihnen zusteht, vom Verantwortlichen Ihre personenbezogenen Daten, die Sie bereitgestellt haben, in einem strukturierten, g\u00e4ngigen und maschinenlesbaren Format zu erhalten oder die \u00dcbermittlung an einen anderen Verantwortlichen zu verlangen.<br \/>\nf) Soweit die Verarbeitung Ihrer Daten auf einer Einwilligung beruht, steht Ihnen ein Widerrufsrecht nach Art. 7 DSGVO zu, wonach Sie die Einwilligung in die Verarbeitung Ihrer Daten jederzeit, ohne Angabe von Gr\u00fcnden f\u00fcr die Zukunft, widerrufen k\u00f6nnen.<br \/>\ng) Sie haben au\u00dferdem nach Art. 77 DSGVO ein Beschwerderecht bei der zust\u00e4ndigen Aufsichtsbeh\u00f6rde an Ihrem gew\u00f6hnlichen Aufenthaltsort, Ihres Arbeitsplatzes oder des Orts des mutma\u00dflichen Versto\u00dfes gegen die Vorschriften der DSGVO.<\/p>\n<p><strong>12. Widerspruchsrecht<\/strong><br \/>\nSie haben das Widerspruchsrecht gem. \u00a7 21 DSGVO. Sie k\u00f6nnen aus Gr\u00fcnden, die sich aus ihrer besonderen Situation ergeben, jederzeit gegen die Verarbeitung Sie betreffender personenbezogener Daten, die aufgrund von Artikel 6 Absatz 1 lit. e oder f DSGVO erfolgt, Widerspruch einlegen. Von der Seite www.dancefire.net verarbeitet die personenbezogenen Daten im Falle des Widerspruchs nicht mehr, es sei denn, dass von der Seite www.dancefire.net zwingende schutzw\u00fcrdige Gr\u00fcnde f\u00fcr die Verarbeitung nachweisen kann, die Ihre Interessen, Recht und Freiheiten \u00fcberwiegen.<\/p>\n<p><strong>13. Speicherungsdauer<\/strong><br \/>\nWir speichern Ihre Daten nicht l\u00e4nger als das gesetzlich zul\u00e4ssig ist. Die Speicherung von Daten ist grunds\u00e4tzlich solange zul\u00e4ssig, wie das zur Erreichung des Zweckes ihrer Speicherung erforderlich ist.<br \/>\nNach der Abgabenordnung und dem Handelsgesetzbuch kann die Speicherdauer bis zu 6 bzw. 10 Jahre betragen. Soweit die Datenverarbeitung auf einer Einwilligung Ihrerseits beruht, werden wir Ihre Daten im Falle eines Widerrufs der Einwilligung unverz\u00fcglich aus unserem System entfernen.<\/p>\n<p><strong>14. Profiling<\/strong><br \/>\nWir verwenden auf unserer Internetseite keine Verfahren zur automatischen Entscheidungsfindung oder zum Profiling.<\/p>\n<\/div>\n","protected":false},"excerpt":{"rendered":"<p>Wir freuen uns sehr \u00fcber Ihr Interesse am Internetangebot von www.dancefire.net. Der Schutz Ihrer Privatsph\u00e4re ist uns ein wichtiges Anliegen. Wir verarbeiten Ihre personenbezogenen Daten stets nach den geltenden rechtlichen Bestimmungen der Datenschutz-Grundverordnung und des Bundesdatenschutzgesetzes. In dieser Datenschutzerkl\u00e4rung stellen wir Ihnen Informationen dar\u00fcber zur Verf\u00fcgung, welche personenbezogenen Daten wir erheben, verarbeiten und nutzen. Au\u00dferdem teilen wir Ihnen mit, in [&hellip;]<\/p>\n","protected":false},"author":1,"featured_media":0,"parent":0,"menu_order":0,"comment_status":"closed","ping_status":"closed","template":"","meta":{"footnotes":""},"class_list":["post-2292","page","type-page","status-publish","hentry"],"yoast_head":"<!-- This site is optimized with the Yoast SEO plugin v27.3 - https:\/\/yoast.com\/product\/yoast-seo-wordpress\/ -->\n<title>Datenschutz - DanceFire.de<\/title>\n<meta name=\"robots\" content=\"index, follow, max-snippet:-1, max-image-preview:large, max-video-preview:-1\" \/>\n<link rel=\"canonical\" href=\"http:\/\/www.dancefire.net\/?page_id=2292\" \/>\n<meta property=\"og:locale\" content=\"de_DE\" \/>\n<meta property=\"og:type\" content=\"article\" \/>\n<meta property=\"og:title\" content=\"Datenschutz - DanceFire.de\" \/>\n<meta property=\"og:description\" content=\"Wir freuen uns sehr \u00fcber Ihr Interesse am Internetangebot von www.dancefire.net. Der Schutz Ihrer Privatsph\u00e4re ist uns ein wichtiges Anliegen. Wir verarbeiten Ihre personenbezogenen Daten stets nach den geltenden rechtlichen Bestimmungen der Datenschutz-Grundverordnung und des Bundesdatenschutzgesetzes. In dieser Datenschutzerkl\u00e4rung stellen wir Ihnen Informationen dar\u00fcber zur Verf\u00fcgung, welche personenbezogenen Daten wir erheben, verarbeiten und nutzen. Au\u00dferdem teilen wir Ihnen mit, in [&hellip;]\" \/>\n<meta property=\"og:url\" content=\"http:\/\/www.dancefire.net\/?page_id=2292\" \/>\n<meta property=\"og:site_name\" content=\"DanceFire.de\" \/>\n<meta property=\"article:modified_time\" content=\"2021-11-09T08:00:13+00:00\" \/>\n<meta name=\"twitter:card\" content=\"summary_large_image\" \/>\n<meta name=\"twitter:label1\" content=\"Gesch\u00e4tzte Lesezeit\" \/>\n\t<meta name=\"twitter:data1\" content=\"9\u00a0Minuten\" \/>\n<script type=\"application\/ld+json\" class=\"yoast-schema-graph\">{\"@context\":\"https:\\\/\\\/schema.org\",\"@graph\":[{\"@type\":\"WebPage\",\"@id\":\"http:\\\/\\\/www.dancefire.net\\\/?page_id=2292\",\"url\":\"http:\\\/\\\/www.dancefire.net\\\/?page_id=2292\",\"name\":\"Datenschutz - DanceFire.de\",\"isPartOf\":{\"@id\":\"http:\\\/\\\/www.dancefire.net\\\/#website\"},\"datePublished\":\"2020-07-24T11:41:42+00:00\",\"dateModified\":\"2021-11-09T08:00:13+00:00\",\"breadcrumb\":{\"@id\":\"http:\\\/\\\/www.dancefire.net\\\/?page_id=2292#breadcrumb\"},\"inLanguage\":\"de\",\"potentialAction\":[{\"@type\":\"ReadAction\",\"target\":[\"http:\\\/\\\/www.dancefire.net\\\/?page_id=2292\"]}]},{\"@type\":\"BreadcrumbList\",\"@id\":\"http:\\\/\\\/www.dancefire.net\\\/?page_id=2292#breadcrumb\",\"itemListElement\":[{\"@type\":\"ListItem\",\"position\":1,\"name\":\"Startseite\",\"item\":\"http:\\\/\\\/www.dancefire.net\\\/\"},{\"@type\":\"ListItem\",\"position\":2,\"name\":\"Datenschutz\"}]},{\"@type\":\"WebSite\",\"@id\":\"http:\\\/\\\/www.dancefire.net\\\/#website\",\"url\":\"http:\\\/\\\/www.dancefire.net\\\/\",\"name\":\"DanceFire.de\",\"description\":\"Die Tanzgemeinschaft in Dinslaken &amp; Oberhausen\",\"potentialAction\":[{\"@type\":\"SearchAction\",\"target\":{\"@type\":\"EntryPoint\",\"urlTemplate\":\"http:\\\/\\\/www.dancefire.net\\\/?s={search_term_string}\"},\"query-input\":{\"@type\":\"PropertyValueSpecification\",\"valueRequired\":true,\"valueName\":\"search_term_string\"}}],\"inLanguage\":\"de\"}]}<\/script>\n<!-- \/ Yoast SEO plugin. -->","yoast_head_json":{"title":"Datenschutz - DanceFire.de","robots":{"index":"index","follow":"follow","max-snippet":"max-snippet:-1","max-image-preview":"max-image-preview:large","max-video-preview":"max-video-preview:-1"},"canonical":"http:\/\/www.dancefire.net\/?page_id=2292","og_locale":"de_DE","og_type":"article","og_title":"Datenschutz - DanceFire.de","og_description":"Wir freuen uns sehr \u00fcber Ihr Interesse am Internetangebot von www.dancefire.net. Der Schutz Ihrer Privatsph\u00e4re ist uns ein wichtiges Anliegen. Wir verarbeiten Ihre personenbezogenen Daten stets nach den geltenden rechtlichen Bestimmungen der Datenschutz-Grundverordnung und des Bundesdatenschutzgesetzes. In dieser Datenschutzerkl\u00e4rung stellen wir Ihnen Informationen dar\u00fcber zur Verf\u00fcgung, welche personenbezogenen Daten wir erheben, verarbeiten und nutzen. Au\u00dferdem teilen wir Ihnen mit, in [&hellip;]","og_url":"http:\/\/www.dancefire.net\/?page_id=2292","og_site_name":"DanceFire.de","article_modified_time":"2021-11-09T08:00:13+00:00","twitter_card":"summary_large_image","twitter_misc":{"Gesch\u00e4tzte Lesezeit":"9\u00a0Minuten"},"schema":{"@context":"https:\/\/schema.org","@graph":[{"@type":"WebPage","@id":"http:\/\/www.dancefire.net\/?page_id=2292","url":"http:\/\/www.dancefire.net\/?page_id=2292","name":"Datenschutz - DanceFire.de","isPartOf":{"@id":"http:\/\/www.dancefire.net\/#website"},"datePublished":"2020-07-24T11:41:42+00:00","dateModified":"2021-11-09T08:00:13+00:00","breadcrumb":{"@id":"http:\/\/www.dancefire.net\/?page_id=2292#breadcrumb"},"inLanguage":"de","potentialAction":[{"@type":"ReadAction","target":["http:\/\/www.dancefire.net\/?page_id=2292"]}]},{"@type":"BreadcrumbList","@id":"http:\/\/www.dancefire.net\/?page_id=2292#breadcrumb","itemListElement":[{"@type":"ListItem","position":1,"name":"Startseite","item":"http:\/\/www.dancefire.net\/"},{"@type":"ListItem","position":2,"name":"Datenschutz"}]},{"@type":"WebSite","@id":"http:\/\/www.dancefire.net\/#website","url":"http:\/\/www.dancefire.net\/","name":"DanceFire.de","description":"Die Tanzgemeinschaft in Dinslaken &amp; Oberhausen","potentialAction":[{"@type":"SearchAction","target":{"@type":"EntryPoint","urlTemplate":"http:\/\/www.dancefire.net\/?s={search_term_string}"},"query-input":{"@type":"PropertyValueSpecification","valueRequired":true,"valueName":"search_term_string"}}],"inLanguage":"de"}]}},"_links":{"self":[{"href":"http:\/\/www.dancefire.net\/index.php?rest_route=\/wp\/v2\/pages\/2292","targetHints":{"allow":["GET"]}}],"collection":[{"href":"http:\/\/www.dancefire.net\/index.php?rest_route=\/wp\/v2\/pages"}],"about":[{"href":"http:\/\/www.dancefire.net\/index.php?rest_route=\/wp\/v2\/types\/page"}],"author":[{"embeddable":true,"href":"http:\/\/www.dancefire.net\/index.php?rest_route=\/wp\/v2\/users\/1"}],"replies":[{"embeddable":true,"href":"http:\/\/www.dancefire.net\/index.php?rest_route=%2Fwp%2Fv2%2Fcomments&post=2292"}],"version-history":[{"count":5,"href":"http:\/\/www.dancefire.net\/index.php?rest_route=\/wp\/v2\/pages\/2292\/revisions"}],"predecessor-version":[{"id":2486,"href":"http:\/\/www.dancefire.net\/index.php?rest_route=\/wp\/v2\/pages\/2292\/revisions\/2486"}],"wp:attachment":[{"href":"http:\/\/www.dancefire.net\/index.php?rest_route=%2Fwp%2Fv2%2Fmedia&parent=2292"}],"curies":[{"name":"wp","href":"https:\/\/api.w.org\/{rel}","templated":true}]}}