{"id":1964,"date":"2016-09-23T20:39:26","date_gmt":"2016-09-23T20:39:26","guid":{"rendered":"http:\/\/sandbox.curlythemes.com\/pirouette\/?page_id=1964"},"modified":"2026-04-02T19:18:25","modified_gmt":"2026-04-02T17:18:25","slug":"salsa-and-merengue","status":"publish","type":"page","link":"https:\/\/www.dancefire.net\/","title":{"rendered":"DiscoChart &#8211; Jeden Mittwoch &#038; Donnerstag in Oberhausen"},"content":{"rendered":"[vc_row][vc_column width=&#8220;1\/2&#8243;][vc_single_image image=&#8220;2685&#8243; img_size=&#8220;full&#8220; alignment=&#8220;center&#8220;][vc_column_text]Samstag, den 30.05.26 DiscoChart Workshop<\/p>\n<p>bei Uta Keup<\/p>\n<p>Neben den Basics bringen wir eine kleine Folge mit um direkt auf jeder Party zu gl\u00e4nzen \ud83d\udc4c\ud83d\udc4c\ud83d\udc4c[\/vc_column_text][\/vc_column][vc_column width=&#8220;1\/2&#8243;][vc_single_image image=&#8220;2686&#8243; img_size=&#8220;large&#8220; alignment=&#8220;center&#8220;][vc_column_text]Samstag, den 20.06.26 WorkShop DiscoChart 4 Stunden beim TTC Oberhausen<\/p>\n<p>4 Stunden beinhalten Basics und verschiedene kleine Folgenmodule \ud83d\udc4c\ud83d\udc4c<\/p>\n<p>Anmelden unter dem LINK<\/p>\n<p><a href=\"https:\/\/workshop.ttc-oberhausen.de\/\">https:\/\/workshop.ttc-oberhausen.de\/<\/a><\/p>\n<p>oder nutze den QR Code\u00a0 \ud83d\udc47\ud83d\udc47\ud83d\udc47[\/vc_column_text][vc_single_image image=&#8220;2692&#8243; img_size=&#8220;full&#8220; alignment=&#8220;center&#8220;][\/vc_column][\/vc_row][vc_row curly_padding=&#8220;content-padding-lg&#8220;][vc_column width=&#8220;1\/2&#8243;][vc_single_image image=&#8220;2574&#8243; img_size=&#8220;large&#8220; style=&#8220;img-frame-large&#8220;][vc_empty_space][vc_column_text]<b>DiscoChart<\/b> ist ein beliebter, generations\u00fcbergreifender Gesellschaftstanz und erfreut sich immer mehr besonderer Popularit\u00e4t in der Tanzszene.<\/p>\n<p>Seit Beginn des einundzwanzigsten Jahrhunderts erfreut sich der Disco-Chart immer gr\u00f6\u00dferer Beliebtheit. Mit seinem Sechser-Grundschritt und den h\u00fcftbetonten Bewegungen in enger Tanzhaltung hat der Tanz einen sympathisch erotischen Touch. Disco-Chart wird zu fast jeder Musik getanzt. Er ist abwechslungsreich wie kein anderer und begeistert jung und alt gleicherma\u00dfen.<\/p>\n<p>Der Disco-Chart kann zu fast jeder Musik getanzt werden. In ihm vereint sich die gesamte Bandbreite t\u00e4nzerischer Ausdrucksm\u00f6glichkeit. Temperament, Lebenslust, Harmonie, Charme, Stolz, Trauer, Erotik &#8230;&#8230;&#8230; So entwickelte der Chart eine &#8222;charttypische&#8220; Eigendynamik, man begann zu charten. Auf jeder Party, in jeder Disco kann und wird Chart getanzt. \u00dcberwiegend zu einem Vierviertel-Takt (26 bis 42 Takte pro Minute).<\/p>\n<p>Charakteristisch f\u00fcr den Chart ist die sehr enge Tanzhaltung. Durch flie\u00dfende, fast \u00fcbergangslose Bewegungen in betont kontaktreicher Tanzhaltung bekommt der Tanz seine leicht erotische Ausstrahlung. Der Chart wird sehr h\u00fcftbetont getanzt, wobei der Oberk\u00f6rper aufrecht und eher ruhig gehalten wird. Bewegungen sollten aus dem Becken heraus getanzt werden.[\/vc_column_text][vc_column_text]\n<blockquote><p><em><strong>Das erwartet dich<\/strong><\/em><\/p><\/blockquote>\n<h3><em><strong>Dynamik und Erotik in einem! <\/strong><\/em><\/h3>\n<p>Der unkomplizierte Einstieg in einen spannenden Tanz.[\/vc_column_text][vc_column_text]\n<blockquote><p><em><strong>das besondere an DanceFire ist&#8230;<\/strong><\/em><\/p><\/blockquote>\n<p>unser ausgereifter F\u00fchrungsstil und die Flexibilit\u00e4t.<\/p>\n<p>Somit sind dem DiscoChart fast keine Grenzen gesetzt. Alle Drehungen und verschiedenste Elemente aus fast allen T\u00e4nzen k\u00f6nnen \u00fcbernommen und vertanzt werden.<\/p>\n<p>Das reizvolle f\u00fcr den Mann liegt im F\u00fchren und die Herausforderung f\u00fcr die Frau, im Folgen.[\/vc_column_text][vc_separator][vc_column_text]\n<blockquote><p><em><strong>F\u00fcr unsere Anf\u00e4nger:<\/strong><\/em><\/p><\/blockquote>\n<p>Ist es unser Ziel, dass ihr \u00b4Step by Step\u00b4 die Grundelemente, Grundschritte, Grundhaltung, Solo, Schleifer und das wichtigste\u2026. das F\u00fchren &amp; Folgen kennenlernt.<\/p>\n<blockquote><p><em><strong>Leicht Fortgeschrittene<\/strong>\/ <strong>Fortgeschrittene:<\/strong><\/em><\/p><\/blockquote>\n<p>Hier d\u00fcrft ihr euch auf eine erweiterte Tanz- und F\u00fchrungstechnik freuen. Figuren&amp; Kombinationen und das wichtigste\u2026 F\u00fchren &amp; Folgen![\/vc_column_text][vc_separator][vc_column_text]Mit Geduld und unserer Leidenschaft zum DiscoChart, m\u00f6chten wir individuell auf unsere Paare eingehen.<\/p>\n<p>Wer einmal gechartet hat, kommt nicht mehr davon los.<\/p>\n<p>Euer Spa\u00df am Tanzen ist unsere Zufriedenheit<\/p>\n<p>Wir freuen uns schon auf euch<\/p>\n[\/vc_column_text][vc_empty_space][\/vc_column][vc_column width=&#8220;1\/2&#8243; offset=&#8220;vc_col-lg-offset-1 vc_col-lg-5&#8243;]\t\t<div class=\"wcs-timetable__wrapper\">\n\t\t\t<div class=\"wcs-vue\" id=\"wcs-app-2\"><\/div>\n\t\t<\/div>\n\t\t[vc_custom_heading text=&#8220;Anmelden &amp; Infos \u00fcber WhatsApp &gt; 0179 6175380&#8243; font_container=&#8220;tag:h3|text_align:left&#8220;][vc_separator border_width=&#8220;5&#8243;][vc_column_text]Bei Fragen kannst du uns nat\u00fcrlich auch telefonisch erreichen : 0179 61 75 380[\/vc_column_text][vc_row_inner][vc_column_inner width=&#8220;1\/4&#8243;][vc_raw_html]JTNDY29kZSUzRSUzQ2ElMjBocmVmJTNEJTIyaHR0cHMlM0ElMkYlMkZ3d3cuZmFjZWJvb2suY29tJTJGRGlzY29DaGFydC1pbi1EaW5zbGFrZW4tMTExNjgxMTI0NjUzNDA2JTIyJTIwdGFyZ2V0JTNEJTIyX2JsYW5rJTIyJTNFJTNDaW1nJTIwc3JjJTNEJTIyaHR0cCUzQSUyRiUyRnd3dy5kYW5jZWZpcmUubmV0JTJGd3AtY29udGVudCUyRnVwbG9hZHMlMkYyMDIxJTJGMTElMkZmYmxvZ28ucG5nJTIyJTNFJTNDJTJGYSUzRSUzQyUyRmNvZGUlM0U=[\/vc_raw_html][\/vc_column_inner][vc_column_inner width=&#8220;1\/4&#8243;][vc_raw_html]JTNDY29kZSUzRSUzQ2ElMjBocmVmJTNEJTIyaHR0cHMlM0ElMkYlMkZ3d3cuaW5zdGFncmFtLmNvbSUyRmRpc2NvY2hhcnRfZGluc2xha2VuJTJGJTIyJTIwdGFyZ2V0JTNEJTIyX2JsYW5rJTIyJTNFJTNDaW1nJTIwc3JjJTNEJTIyaHR0cCUzQSUyRiUyRnd3dy5kYW5jZWZpcmUubmV0JTJGd3AtY29udGVudCUyRnVwbG9hZHMlMkYyMDIxJTJGMTElMkZJbnN0YWdyYW1sby5wbmclMjIlM0UlM0MlMkZhJTNFJTNDJTJGY29kZSUzRQ==[\/vc_raw_html][\/vc_column_inner][vc_column_inner width=&#8220;1\/4&#8243;][\/vc_column_inner][vc_column_inner width=&#8220;1\/4&#8243;][\/vc_column_inner][\/vc_row_inner][\/vc_column][\/vc_row][vc_row][vc_column width=&#8220;1\/2&#8243;][vc_column_text]\n<dl>\n<dt>\n<dl>\n<dt><strong><u>Dancefire.de \/ .net \/ .eu<\/u><\/strong><\/dt>\n<\/dl>\n<\/dt>\n<\/dl>\n<p>Fragen zum Probetraining oder Training ?<\/p>\n<p>einfach anrufen oder mailen:<\/p>\n<dl>\n<dd>\n<dl>\n<dd><\/dd>\n<\/dl>\n<\/dd>\n<dd><\/dd>\n<dt><strong>Mobil:<\/strong><\/dt>\n<dd>+49 179 6175380<\/dd>\n<dt><strong>E-mail:<\/strong><\/dt>\n<dd><a href=\"mailto:dancefire@e-mail.de\">dancefire@e-mail.de<\/a><\/dd>\n<\/dl>\n[\/vc_column_text][vc_custom_heading text=&#8220; KLICK MICH AN !!! Mail an dancefire@e-mail.de schreiben&#8220; font_container=&#8220;tag:h2|font_size:18|text_align:left|color:%23f40e44&#8243; google_fonts=&#8220;font_family:ABeeZee%3Aregular%2Citalic|font_style:400%20regular%3A400%3Anormal&#8220; link=&#8220;url:mailto%3Adancefire%40e-mail.de|title:Mail%20Schreiben%20an%20dancefire%40e-mail.de|target:%20_blank|rel:nofollow&#8220;][\/vc_column][vc_column width=&#8220;1\/2&#8243;][vc_row_inner][vc_column_inner][vc_column_text]\n<div class=\"wpb_wrapper\">\n<h3>Du hast noch Fragen?<\/h3>\n<h3>Einfach mal anrufen<\/h3>\n<\/div>\n<h3 class=\"wpb_wrapper\">oder schreiben<\/h3>\n[\/vc_column_text][vc_column_text]\n<dl>\n<dt>\n<dl>\n<dt><strong>Adresse des Workshops \/ Unterrichtes:<\/strong><\/dt>\n<dd>Tanz- und Tanzturnierclub Oberhausen e. V.<br \/>\nWittekindstr.47<br \/>\n46117 Oberhausen<\/dd>\n<dd><\/dd>\n<dd><\/dd>\n<dd><\/dd>\n<dd><\/dd>\n<dt><strong>Unterricht in Oberhausen beim TTC Oberhausen<\/strong><\/dt>\n<dd><\/dd>\n<dd>Anf\u00e4nger Mittwochs : 20-21:30 Uhr<\/p>\n<p>Fortgeschritten Mittwochs : 20-21:30Uhr<\/p>\n<p>&nbsp;<\/dd>\n<\/dl>\n<p><strong>Adresse des Workshops \/ Unterrichtes:<\/strong><\/dt>\n<dd>Haus Hufmann, Friesenstra\u00dfe 126, 46149 Oberhausen<\/dd>\n<dd><\/dd>\n<dd><\/dd>\n<dd><\/dd>\n<dd><\/dd>\n<dt><strong>Unterricht in Oberhausen Haus Hufmann<\/strong><\/dt>\n<dd><\/dd>\n<dd>Anf\u00e4nger Donnerstags : 19-21 Uhr<\/p>\n<p>Fortgeschritten Donnerstags : 19-21 Uhr<\/p>\n<p>Freies Tanzen 21 &#8211; 22 Uhr<\/p>\n<dl>\n<dd><\/dd>\n<\/dl>\n<\/dd>\n<dd><\/dd>\n<dt><strong>Mobil:<\/strong><\/dt>\n<dd>+49 179 6175380<\/dd>\n<dt><strong>E-mail:<\/strong><\/dt>\n<dd><a href=\"mailto:dancefire@e-mail.de\">dancefire@e-mail.de<\/a><\/dd>\n<\/dl>\n[\/vc_column_text][\/vc_column_inner][\/vc_row_inner][\/vc_column][\/vc_row][vc_row][vc_column width=&#8220;1\/2&#8243;][vc_separator][vc_single_image image=&#8220;2647&#8243; img_size=&#8220;full&#8220;][\/vc_column][vc_column width=&#8220;1\/2&#8243;][vc_column_text]\n<h3><\/h3>\n<h3><strong>DiscoChart Turnier in Oberhausen konnten wir den Platz 2 hinter den aktuellen DM Jana und Thorsten aus Lippstadt sichern&#8230;.. allen Teilnehmern Herzlichen Gl\u00fcckwunsch zur Platzierung&#8230;..\u00a0<\/strong><\/h3>\n[\/vc_column_text][\/vc_column][\/vc_row][vc_row][vc_column][\/vc_column][\/vc_row]\n","protected":false},"excerpt":{"rendered":"<p>[vc_row][vc_column width=&#8220;1\/2&#8243;][vc_single_image image=&#8220;2685&#8243; img_size=&#8220;full&#8220; alignment=&#8220;center&#8220;][vc_column_text]Samstag, den 30.05.26 DiscoChart Workshop bei Uta Keup Neben den Basics bringen wir eine kleine Folge mit um direkt auf jeder Party zu gl\u00e4nzen \ud83d\udc4c\ud83d\udc4c\ud83d\udc4c[\/vc_column_text][\/vc_column][vc_column width=&#8220;1\/2&#8243;][vc_single_image image=&#8220;2686&#8243; img_size=&#8220;large&#8220; alignment=&#8220;center&#8220;][vc_column_text]Samstag, den 20.06.26 WorkShop DiscoChart 4 Stunden beim TTC Oberhausen 4 Stunden beinhalten Basics und verschiedene kleine Folgenmodule \ud83d\udc4c\ud83d\udc4c Anmelden unter dem LINK https:\/\/workshop.ttc-oberhausen.de\/ oder nutze den QR [&hellip;]<\/p>\n","protected":false},"author":1,"featured_media":0,"parent":0,"menu_order":0,"comment_status":"closed","ping_status":"closed","template":"","meta":{"footnotes":""},"class_list":["post-1964","page","type-page","status-publish","hentry"],"yoast_head":"<!-- This site is optimized with the Yoast SEO plugin v27.3 - https:\/\/yoast.com\/product\/yoast-seo-wordpress\/ -->\n<title>DiscoChart - Jeden Mittwoch &amp; Donnerstag in Oberhausen - DanceFire.de<\/title>\n<meta name=\"robots\" content=\"index, follow, max-snippet:-1, max-image-preview:large, max-video-preview:-1\" \/>\n<link rel=\"canonical\" href=\"http:\/\/www.dancefire.net\/\" \/>\n<meta property=\"og:locale\" content=\"de_DE\" \/>\n<meta property=\"og:type\" content=\"article\" \/>\n<meta property=\"og:title\" content=\"DiscoChart - Jeden Mittwoch &amp; Donnerstag in Oberhausen - DanceFire.de\" \/>\n<meta property=\"og:description\" content=\"[vc_row][vc_column width=&#8220;1\/2&#8243;][vc_single_image image=&#8220;2685&#8243; img_size=&#8220;full&#8220; alignment=&#8220;center&#8220;][vc_column_text]Samstag, den 30.05.26 DiscoChart Workshop bei Uta Keup Neben den Basics bringen wir eine kleine Folge mit um direkt auf jeder Party zu gl\u00e4nzen \ud83d\udc4c\ud83d\udc4c\ud83d\udc4c[\/vc_column_text][\/vc_column][vc_column width=&#8220;1\/2&#8243;][vc_single_image image=&#8220;2686&#8243; img_size=&#8220;large&#8220; alignment=&#8220;center&#8220;][vc_column_text]Samstag, den 20.06.26 WorkShop DiscoChart 4 Stunden beim TTC Oberhausen 4 Stunden beinhalten Basics und verschiedene kleine Folgenmodule \ud83d\udc4c\ud83d\udc4c Anmelden unter dem LINK https:\/\/workshop.ttc-oberhausen.de\/ oder nutze den QR [&hellip;]\" \/>\n<meta property=\"og:url\" content=\"http:\/\/www.dancefire.net\/\" \/>\n<meta property=\"og:site_name\" content=\"DanceFire.de\" \/>\n<meta property=\"article:modified_time\" content=\"2026-04-02T17:18:25+00:00\" \/>\n<meta name=\"twitter:card\" content=\"summary_large_image\" \/>\n<meta name=\"twitter:label1\" content=\"Gesch\u00e4tzte Lesezeit\" \/>\n\t<meta name=\"twitter:data1\" content=\"2\u00a0Minuten\" \/>\n<script type=\"application\/ld+json\" class=\"yoast-schema-graph\">{\"@context\":\"https:\\\/\\\/schema.org\",\"@graph\":[{\"@type\":\"WebPage\",\"@id\":\"http:\\\/\\\/www.dancefire.net\\\/\",\"url\":\"http:\\\/\\\/www.dancefire.net\\\/\",\"name\":\"DiscoChart - Jeden Mittwoch & Donnerstag in Oberhausen - DanceFire.de\",\"isPartOf\":{\"@id\":\"http:\\\/\\\/www.dancefire.net\\\/#website\"},\"datePublished\":\"2016-09-23T20:39:26+00:00\",\"dateModified\":\"2026-04-02T17:18:25+00:00\",\"breadcrumb\":{\"@id\":\"http:\\\/\\\/www.dancefire.net\\\/#breadcrumb\"},\"inLanguage\":\"de\",\"potentialAction\":[{\"@type\":\"ReadAction\",\"target\":[\"http:\\\/\\\/www.dancefire.net\\\/\"]}]},{\"@type\":\"BreadcrumbList\",\"@id\":\"http:\\\/\\\/www.dancefire.net\\\/#breadcrumb\",\"itemListElement\":[{\"@type\":\"ListItem\",\"position\":1,\"name\":\"Startseite\",\"item\":\"http:\\\/\\\/www.dancefire.net\\\/\"},{\"@type\":\"ListItem\",\"position\":2,\"name\":\"DiscoChart &#8211; Jeden Mittwoch &#038; Donnerstag in Oberhausen\"}]},{\"@type\":\"WebSite\",\"@id\":\"http:\\\/\\\/www.dancefire.net\\\/#website\",\"url\":\"http:\\\/\\\/www.dancefire.net\\\/\",\"name\":\"DanceFire.de\",\"description\":\"Die Tanzgemeinschaft in Dinslaken &amp; Oberhausen\",\"potentialAction\":[{\"@type\":\"SearchAction\",\"target\":{\"@type\":\"EntryPoint\",\"urlTemplate\":\"http:\\\/\\\/www.dancefire.net\\\/?s={search_term_string}\"},\"query-input\":{\"@type\":\"PropertyValueSpecification\",\"valueRequired\":true,\"valueName\":\"search_term_string\"}}],\"inLanguage\":\"de\"}]}<\/script>\n<!-- \/ Yoast SEO plugin. -->","yoast_head_json":{"title":"DiscoChart - Jeden Mittwoch & Donnerstag in Oberhausen - DanceFire.de","robots":{"index":"index","follow":"follow","max-snippet":"max-snippet:-1","max-image-preview":"max-image-preview:large","max-video-preview":"max-video-preview:-1"},"canonical":"http:\/\/www.dancefire.net\/","og_locale":"de_DE","og_type":"article","og_title":"DiscoChart - Jeden Mittwoch & Donnerstag in Oberhausen - DanceFire.de","og_description":"[vc_row][vc_column width=&#8220;1\/2&#8243;][vc_single_image image=&#8220;2685&#8243; img_size=&#8220;full&#8220; alignment=&#8220;center&#8220;][vc_column_text]Samstag, den 30.05.26 DiscoChart Workshop bei Uta Keup Neben den Basics bringen wir eine kleine Folge mit um direkt auf jeder Party zu gl\u00e4nzen \ud83d\udc4c\ud83d\udc4c\ud83d\udc4c[\/vc_column_text][\/vc_column][vc_column width=&#8220;1\/2&#8243;][vc_single_image image=&#8220;2686&#8243; img_size=&#8220;large&#8220; alignment=&#8220;center&#8220;][vc_column_text]Samstag, den 20.06.26 WorkShop DiscoChart 4 Stunden beim TTC Oberhausen 4 Stunden beinhalten Basics und verschiedene kleine Folgenmodule \ud83d\udc4c\ud83d\udc4c Anmelden unter dem LINK https:\/\/workshop.ttc-oberhausen.de\/ oder nutze den QR [&hellip;]","og_url":"http:\/\/www.dancefire.net\/","og_site_name":"DanceFire.de","article_modified_time":"2026-04-02T17:18:25+00:00","twitter_card":"summary_large_image","twitter_misc":{"Gesch\u00e4tzte Lesezeit":"2\u00a0Minuten"},"schema":{"@context":"https:\/\/schema.org","@graph":[{"@type":"WebPage","@id":"http:\/\/www.dancefire.net\/","url":"http:\/\/www.dancefire.net\/","name":"DiscoChart - Jeden Mittwoch & Donnerstag in Oberhausen - DanceFire.de","isPartOf":{"@id":"http:\/\/www.dancefire.net\/#website"},"datePublished":"2016-09-23T20:39:26+00:00","dateModified":"2026-04-02T17:18:25+00:00","breadcrumb":{"@id":"http:\/\/www.dancefire.net\/#breadcrumb"},"inLanguage":"de","potentialAction":[{"@type":"ReadAction","target":["http:\/\/www.dancefire.net\/"]}]},{"@type":"BreadcrumbList","@id":"http:\/\/www.dancefire.net\/#breadcrumb","itemListElement":[{"@type":"ListItem","position":1,"name":"Startseite","item":"http:\/\/www.dancefire.net\/"},{"@type":"ListItem","position":2,"name":"DiscoChart &#8211; Jeden Mittwoch &#038; Donnerstag in Oberhausen"}]},{"@type":"WebSite","@id":"http:\/\/www.dancefire.net\/#website","url":"http:\/\/www.dancefire.net\/","name":"DanceFire.de","description":"Die Tanzgemeinschaft in Dinslaken &amp; Oberhausen","potentialAction":[{"@type":"SearchAction","target":{"@type":"EntryPoint","urlTemplate":"http:\/\/www.dancefire.net\/?s={search_term_string}"},"query-input":{"@type":"PropertyValueSpecification","valueRequired":true,"valueName":"search_term_string"}}],"inLanguage":"de"}]}},"_links":{"self":[{"href":"https:\/\/www.dancefire.net\/index.php?rest_route=\/wp\/v2\/pages\/1964","targetHints":{"allow":["GET"]}}],"collection":[{"href":"https:\/\/www.dancefire.net\/index.php?rest_route=\/wp\/v2\/pages"}],"about":[{"href":"https:\/\/www.dancefire.net\/index.php?rest_route=\/wp\/v2\/types\/page"}],"author":[{"embeddable":true,"href":"https:\/\/www.dancefire.net\/index.php?rest_route=\/wp\/v2\/users\/1"}],"replies":[{"embeddable":true,"href":"https:\/\/www.dancefire.net\/index.php?rest_route=%2Fwp%2Fv2%2Fcomments&post=1964"}],"version-history":[{"count":10,"href":"https:\/\/www.dancefire.net\/index.php?rest_route=\/wp\/v2\/pages\/1964\/revisions"}],"predecessor-version":[{"id":2698,"href":"https:\/\/www.dancefire.net\/index.php?rest_route=\/wp\/v2\/pages\/1964\/revisions\/2698"}],"wp:attachment":[{"href":"https:\/\/www.dancefire.net\/index.php?rest_route=%2Fwp%2Fv2%2Fmedia&parent=1964"}],"curies":[{"name":"wp","href":"https:\/\/api.w.org\/{rel}","templated":true}]}}